{"id":3470,"date":"2021-09-21T00:43:47","date_gmt":"2021-09-21T00:43:47","guid":{"rendered":"https:\/\/mxp.hu\/aboutus\/"},"modified":"2025-03-04T10:09:50","modified_gmt":"2025-03-04T10:09:50","slug":"aboutus-eng","status":"publish","type":"page","link":"https:\/\/mxp.hu\/en\/aboutus-eng\/","title":{"rendered":"About us"},"content":{"rendered":"\t\t<div data-elementor-type=\"wp-page\" data-elementor-id=\"3470\" class=\"elementor elementor-3470\" data-elementor-settings=\"[]\">\n\t\t\t\t\t\t\t<div class=\"elementor-section-wrap\">\n\t\t\t\t\t\t\t<section class=\"elementor-section elementor-top-section elementor-element elementor-element-5cadc1e elementor-section-boxed elementor-section-height-default elementor-section-height-default\" data-id=\"5cadc1e\" data-element_type=\"section\" data-settings=\"{&quot;background_background&quot;:&quot;classic&quot;}\">\n\t\t\t\t\t\t\t<div class=\"elementor-background-overlay\"><\/div>\n\t\t\t\t\t\t\t<div class=\"elementor-container elementor-column-gap-default\">\n\t\t\t\t\t<div class=\"elementor-column elementor-col-50 elementor-top-column elementor-element elementor-element-8bbd047\" data-id=\"8bbd047\" data-element_type=\"column\">\n\t\t\t<div class=\"elementor-widget-wrap elementor-element-populated\">\n\t\t\t\t\t\t\t\t<div class=\"elementor-element elementor-element-156a04d elementor-widget elementor-widget-heading\" data-id=\"156a04d\" data-element_type=\"widget\" data-widget_type=\"heading.default\">\n\t\t\t\t<div class=\"elementor-widget-container\">\n\t\t\t<h1 class=\"elementor-heading-title elementor-size-default\">About us<\/h1>\t\t<\/div>\n\t\t\t\t<\/div>\n\t\t\t\t\t<\/div>\n\t\t<\/div>\n\t\t\t\t<div class=\"elementor-column elementor-col-50 elementor-top-column elementor-element elementor-element-9e371d3 elementor-hidden-tablet elementor-hidden-phone\" data-id=\"9e371d3\" data-element_type=\"column\">\n\t\t\t<div class=\"elementor-widget-wrap\">\n\t\t\t\t\t\t\t\t\t<\/div>\n\t\t<\/div>\n\t\t\t\t\t\t\t<\/div>\n\t\t<\/section>\n\t\t\t\t<section class=\"elementor-section elementor-top-section elementor-element elementor-element-fe652e6 elementor-section-boxed elementor-section-height-default elementor-section-height-default\" data-id=\"fe652e6\" data-element_type=\"section\">\n\t\t\t\t\t\t<div class=\"elementor-container elementor-column-gap-default\">\n\t\t\t\t\t<div class=\"elementor-column elementor-col-50 elementor-top-column elementor-element elementor-element-67fbea9\" data-id=\"67fbea9\" data-element_type=\"column\">\n\t\t\t<div class=\"elementor-widget-wrap elementor-element-populated\">\n\t\t\t\t\t\t\t\t<div class=\"elementor-element elementor-element-c9be5f7 elementor-widget elementor-widget-heading\" data-id=\"c9be5f7\" data-element_type=\"widget\" data-widget_type=\"heading.default\">\n\t\t\t\t<div class=\"elementor-widget-container\">\n\t\t\t<h3 class=\"elementor-heading-title elementor-size-default\">MXP IS THE GOOD SOLUTION<\/h3>\t\t<\/div>\n\t\t\t\t<\/div>\n\t\t\t\t<div class=\"elementor-element elementor-element-7b33a788 elementor-widget elementor-widget-text-editor\" data-id=\"7b33a788\" data-element_type=\"widget\" data-widget_type=\"text-editor.default\">\n\t\t\t\t<div class=\"elementor-widget-container\">\n\t\t\t\t\t\t\t<p>MXP Ltd. has began operations in 2012 as a company bringing holistic services in logistics to its customers. Our main profile is services in webshoplogistics, but we also offer conventional courier activities to our partners. Our Fulfillment Center and courier service is located in the 22nd District in Budapest, where we serve our customers in a 2000 m2 storehouse with our own trasportation fleet and also with our third-party partners in Hungary and on the international markets as well.<br>Our line of weblogistics business offers an all-round service for our customers: we store their products, process and package orders and deliver them to the desired locations of the recipients. Our company undertakes same day processing and next day delivery to orders which arrive before 15:00. Our well qualified collagues are the guarantee to logistical processes of high quality. They are at service to you between 8:00 to 17:00 on weekdays.<\/p>\t\t\t\t\t\t<\/div>\n\t\t\t\t<\/div>\n\t\t\t\t\t<\/div>\n\t\t<\/div>\n\t\t\t\t<div class=\"elementor-column elementor-col-50 elementor-top-column elementor-element elementor-element-6c4fb938\" data-id=\"6c4fb938\" data-element_type=\"column\">\n\t\t\t<div class=\"elementor-widget-wrap elementor-element-populated\">\n\t\t\t\t\t\t\t\t<div class=\"elementor-element elementor-element-b6e6360 elementor-widget elementor-widget-image\" data-id=\"b6e6360\" data-element_type=\"widget\" data-widget_type=\"image.default\">\n\t\t\t\t<div class=\"elementor-widget-container\">\n\t\t\t\t\t\t\t\t\t\t\t\t\t\t\t<img loading=\"lazy\" decoding=\"async\" width=\"540\" height=\"199\" src=\"https:\/\/mxp.hu\/wp-content\/uploads\/2023\/06\/mxp_a_jo_eng.png\" class=\"attachment-large size-large\" alt=\"\" srcset=\"https:\/\/mxp.hu\/wp-content\/uploads\/2023\/06\/mxp_a_jo_eng.png 540w, https:\/\/mxp.hu\/wp-content\/uploads\/2023\/06\/mxp_a_jo_eng-300x111.png 300w\" sizes=\"auto, (max-width: 540px) 100vw, 540px\" \/>\t\t\t\t\t\t\t\t\t\t\t\t\t\t\t<\/div>\n\t\t\t\t<\/div>\n\t\t\t\t\t<\/div>\n\t\t<\/div>\n\t\t\t\t\t\t\t<\/div>\n\t\t<\/section>\n\t\t\t\t<section class=\"elementor-section elementor-top-section elementor-element elementor-element-94e89da elementor-section-boxed elementor-section-height-default elementor-section-height-default\" data-id=\"94e89da\" data-element_type=\"section\" data-settings=\"{&quot;background_background&quot;:&quot;classic&quot;}\">\n\t\t\t\t\t\t<div class=\"elementor-container elementor-column-gap-default\">\n\t\t\t\t\t<div class=\"elementor-column elementor-col-50 elementor-top-column elementor-element elementor-element-96ca333 elementor-invisible\" data-id=\"96ca333\" data-element_type=\"column\" data-settings=\"{&quot;animation&quot;:&quot;fadeIn&quot;,&quot;animation_delay&quot;:300,&quot;background_background&quot;:&quot;classic&quot;}\">\n\t\t\t<div class=\"elementor-widget-wrap elementor-element-populated\">\n\t\t\t\t\t\t\t\t<div class=\"elementor-element elementor-element-937fd99 elementor-widget elementor-widget-image\" data-id=\"937fd99\" data-element_type=\"widget\" data-widget_type=\"image.default\">\n\t\t\t\t<div class=\"elementor-widget-container\">\n\t\t\t\t\t\t\t\t\t\t\t\t\t\t\t<img loading=\"lazy\" decoding=\"async\" width=\"540\" height=\"506\" src=\"https:\/\/mxp.hu\/wp-content\/uploads\/2021\/08\/rolunk_img.jpg\" class=\"attachment-full size-full\" alt=\"\" srcset=\"https:\/\/mxp.hu\/wp-content\/uploads\/2021\/08\/rolunk_img.jpg 540w, https:\/\/mxp.hu\/wp-content\/uploads\/2021\/08\/rolunk_img-300x281.jpg 300w\" sizes=\"auto, (max-width: 540px) 100vw, 540px\" \/>\t\t\t\t\t\t\t\t\t\t\t\t\t\t\t<\/div>\n\t\t\t\t<\/div>\n\t\t\t\t\t<\/div>\n\t\t<\/div>\n\t\t\t\t<div class=\"elementor-column elementor-col-50 elementor-top-column elementor-element elementor-element-16af4be\" data-id=\"16af4be\" data-element_type=\"column\" data-settings=\"{&quot;background_background&quot;:&quot;classic&quot;}\">\n\t\t\t<div class=\"elementor-widget-wrap elementor-element-populated\">\n\t\t\t\t\t\t\t\t<div class=\"elementor-element elementor-element-0c62f47 elementor-widget elementor-widget-heading\" data-id=\"0c62f47\" data-element_type=\"widget\" data-widget_type=\"heading.default\">\n\t\t\t\t<div class=\"elementor-widget-container\">\n\t\t\t<h3 class=\"elementor-heading-title elementor-size-default\">We delivers our packages within 1 day nationwide<\/h3>\t\t<\/div>\n\t\t\t\t<\/div>\n\t\t\t\t<div class=\"elementor-element elementor-element-eafc8e8 elementor-widget elementor-widget-text-editor\" data-id=\"eafc8e8\" data-element_type=\"widget\" data-widget_type=\"text-editor.default\">\n\t\t\t\t<div class=\"elementor-widget-container\">\n\t\t\t\t\t\t\t<p>Successful operation of our company is provided by knowlege gathered at multiple and multinational packagelogistics enterprises and the know-how of our third-party network. Addressees can pick up their domestic packages within 1 day through collective transportation or within 1-2 working days in case using our parcel-point delivery service.<\/p>\t\t\t\t\t\t<\/div>\n\t\t\t\t<\/div>\n\t\t\t\t\t<\/div>\n\t\t<\/div>\n\t\t\t\t\t\t\t<\/div>\n\t\t<\/section>\n\t\t\t\t<section class=\"elementor-section elementor-top-section elementor-element elementor-element-a02b887 elementor-section-boxed elementor-section-height-default elementor-section-height-default\" data-id=\"a02b887\" data-element_type=\"section\" data-settings=\"{&quot;background_background&quot;:&quot;gradient&quot;}\">\n\t\t\t\t\t\t\t<div class=\"elementor-background-overlay\"><\/div>\n\t\t\t\t\t\t\t<div class=\"elementor-container elementor-column-gap-default\">\n\t\t\t\t\t<div class=\"elementor-column elementor-col-50 elementor-top-column elementor-element elementor-element-3977446 elementor-invisible\" data-id=\"3977446\" data-element_type=\"column\" data-settings=\"{&quot;animation&quot;:&quot;fadeIn&quot;,&quot;animation_delay&quot;:300,&quot;background_background&quot;:&quot;classic&quot;}\">\n\t\t\t<div class=\"elementor-widget-wrap elementor-element-populated\">\n\t\t\t\t\t\t\t\t<div class=\"elementor-element elementor-element-5fabcd9 elementor-widget elementor-widget-heading\" data-id=\"5fabcd9\" data-element_type=\"widget\" data-widget_type=\"heading.default\">\n\t\t\t\t<div class=\"elementor-widget-container\">\n\t\t\t<h3 class=\"elementor-heading-title elementor-size-default\">We provide our customers with our own IT System<\/h3>\t\t<\/div>\n\t\t\t\t<\/div>\n\t\t\t\t<div class=\"elementor-element elementor-element-922b4cc elementor-widget elementor-widget-text-editor\" data-id=\"922b4cc\" data-element_type=\"widget\" data-widget_type=\"text-editor.default\">\n\t\t\t\t<div class=\"elementor-widget-container\">\n\t\t\t\t\t\t\t<p>The stable and qualitative foreground to our services is guarantied by our in-house developed IT System. We created this software specifically to support webshoplogistical services according to the individual needs of our customers. It covers the complete logistic process starting from automatic onset of orders to courier delivery. We also provide API connection to it.<br \/>\nOur IT System is capable to connect to well-known webshop platforms or to individually developed webshops too if need arises. Synchronisation of orders happen in real-time. That way our collagues can start processing orders straightaway so customer service can happen as quick as possible. Our software tracks orders also in real-time hence customers are always up-to-date with stock movement and the state of orders.<br \/>\n<\/span><\/p>\n\t\t\t\t\t\t<\/div>\n\t\t\t\t<\/div>\n\t\t\t\t\t<\/div>\n\t\t<\/div>\n\t\t\t\t<div class=\"elementor-column elementor-col-50 elementor-top-column elementor-element elementor-element-69e9194\" data-id=\"69e9194\" data-element_type=\"column\" data-settings=\"{&quot;background_background&quot;:&quot;classic&quot;}\">\n\t\t\t<div class=\"elementor-widget-wrap elementor-element-populated\">\n\t\t\t\t\t\t\t\t<div class=\"elementor-element elementor-element-42cea17 elementor-widget elementor-widget-image\" data-id=\"42cea17\" data-element_type=\"widget\" data-widget_type=\"image.default\">\n\t\t\t\t<div class=\"elementor-widget-container\">\n\t\t\t\t\t\t\t\t\t\t\t\t\t\t\t<img loading=\"lazy\" decoding=\"async\" width=\"776\" height=\"510\" src=\"https:\/\/mxp.hu\/wp-content\/uploads\/2021\/08\/1661_resized.png\" class=\"attachment-full size-full\" alt=\"\" srcset=\"https:\/\/mxp.hu\/wp-content\/uploads\/2021\/08\/1661_resized.png 776w, https:\/\/mxp.hu\/wp-content\/uploads\/2021\/08\/1661_resized-300x197.png 300w, https:\/\/mxp.hu\/wp-content\/uploads\/2021\/08\/1661_resized-768x505.png 768w\" sizes=\"auto, (max-width: 776px) 100vw, 776px\" \/>\t\t\t\t\t\t\t\t\t\t\t\t\t\t\t<\/div>\n\t\t\t\t<\/div>\n\t\t\t\t\t<\/div>\n\t\t<\/div>\n\t\t\t\t\t\t\t<\/div>\n\t\t<\/section>\n\t\t\t\t<section class=\"elementor-section elementor-top-section elementor-element elementor-element-c4f14cf elementor-section-content-middle elementor-section-boxed elementor-section-height-default elementor-section-height-default\" data-id=\"c4f14cf\" data-element_type=\"section\">\n\t\t\t\t\t\t\t<div class=\"elementor-background-overlay\"><\/div>\n\t\t\t\t\t\t\t<div class=\"elementor-container elementor-column-gap-no\">\n\t\t\t\t\t<div class=\"elementor-column elementor-col-100 elementor-top-column elementor-element elementor-element-13d05f60\" data-id=\"13d05f60\" data-element_type=\"column\">\n\t\t\t<div class=\"elementor-widget-wrap elementor-element-populated\">\n\t\t\t\t\t\t\t\t<div class=\"elementor-element elementor-element-438bd9f elementor-position-left elementor-vertical-align-middle elementor-widget elementor-widget-image-box\" data-id=\"438bd9f\" data-element_type=\"widget\" data-widget_type=\"image-box.default\">\n\t\t\t\t<div class=\"elementor-widget-container\">\n\t\t\t<div class=\"elementor-image-box-wrapper\"><figure class=\"elementor-image-box-img\"><img loading=\"lazy\" decoding=\"async\" width=\"84\" height=\"72\" src=\"https:\/\/mxp.hu\/wp-content\/uploads\/2021\/07\/cctv-icon.png\" class=\"attachment-full size-full\" alt=\"\" \/><\/figure><div class=\"elementor-image-box-content\"><h3 class=\"elementor-image-box-title\">Stockpile monitored by motion-sensor cameras 24\/7<\/h3><\/div><\/div>\t\t<\/div>\n\t\t\t\t<\/div>\n\t\t\t\t<div class=\"elementor-element elementor-element-47b02d6a elementor-widget elementor-widget-text-editor\" data-id=\"47b02d6a\" data-element_type=\"widget\" data-widget_type=\"text-editor.default\">\n\t\t\t\t<div class=\"elementor-widget-container\">\n\t\t\t\t\t\t\t<p>You can be sure that your stock is in safe hands by us. We operate a reception service, the whole premise is equipped with alarm system and our storehouse complies with all fire- and work safety standards and requirements. It is monitored by motion-sensored cameras 24 hours, 7 days a week.<br \/>\nThanks to our innovative developments and dinamic growth, we served over 500.000 orders in 2020 and helped numerous webshops in their daily operations. Through sharing our experties in haulige, online trade, marketing and logistics we are not only helping our partners in the physical handling of orders but we also support them in growth and prosperity.<\/p>\n\t\t\t\t\t\t<\/div>\n\t\t\t\t<\/div>\n\t\t\t\t\t<\/div>\n\t\t<\/div>\n\t\t\t\t\t\t\t<\/div>\n\t\t<\/section>\n\t\t\t\t<section class=\"elementor-section elementor-top-section elementor-element elementor-element-34c8a699 elementor-section-content-middle elementor-section-boxed elementor-section-height-default elementor-section-height-default\" data-id=\"34c8a699\" data-element_type=\"section\" data-settings=\"{&quot;background_background&quot;:&quot;classic&quot;}\">\n\t\t\t\t\t\t\t<div class=\"elementor-background-overlay\"><\/div>\n\t\t\t\t\t\t\t<div class=\"elementor-container elementor-column-gap-no\">\n\t\t\t\t\t<div class=\"elementor-column elementor-col-100 elementor-top-column elementor-element elementor-element-6b50d513\" data-id=\"6b50d513\" data-element_type=\"column\">\n\t\t\t<div class=\"elementor-widget-wrap elementor-element-populated\">\n\t\t\t\t\t\t\t\t<div class=\"elementor-element elementor-element-78e96ea1 elementor-view-default elementor-position-top elementor-vertical-align-top elementor-widget elementor-widget-icon-box\" data-id=\"78e96ea1\" data-element_type=\"widget\" data-widget_type=\"icon-box.default\">\n\t\t\t\t<div class=\"elementor-widget-container\">\n\t\t\t\t\t<div class=\"elementor-icon-box-wrapper\">\n\t\t\t\t\t\t<div class=\"elementor-icon-box-icon\">\n\t\t\t\t<span class=\"elementor-icon elementor-animation-\" >\n\t\t\t\t<i aria-hidden=\"true\" class=\"fas fa-headset\"><\/i>\t\t\t\t<\/span>\n\t\t\t<\/div>\n\t\t\t\t\t\t<div class=\"elementor-icon-box-content\">\n\t\t\t\t<h4 class=\"elementor-icon-box-title\">\n\t\t\t\t\t<span  >\n\t\t\t\t\t\t\t\t\t\t\t<\/span>\n\t\t\t\t<\/h4>\n\t\t\t\t\t\t\t\t\t<p class=\"elementor-icon-box-description\">\n\t\t\t\t\t\tOur skilled collagues are at your service within office hours (from 8:00 to 17:00)\t\t\t\t\t<\/p>\n\t\t\t\t\t\t\t<\/div>\n\t\t<\/div>\n\t\t\t\t<\/div>\n\t\t\t\t<\/div>\n\t\t\t\t<div class=\"elementor-element elementor-element-287892c elementor-widget elementor-widget-text-editor\" data-id=\"287892c\" data-element_type=\"widget\" data-widget_type=\"text-editor.default\">\n\t\t\t\t<div class=\"elementor-widget-container\">\n\t\t\t\t\t\t\t<p>In our parcel logistics centre, our qualified customer service is ready to assist you by e-mail, phone or in person, in Hungarian or English.<\/p>\n\t\t\t\t\t\t<\/div>\n\t\t\t\t<\/div>\n\t\t\t\t\t<\/div>\n\t\t<\/div>\n\t\t\t\t\t\t\t<\/div>\n\t\t<\/section>\n\t\t\t\t\t\t<\/div>\n\t\t\t\t\t<\/div>\n\t\t","protected":false},"excerpt":{"rendered":"<p>About us MXP IS THE GOOD SOLUTION MXP Ltd. has began operations in 2012 as a company bringing holistic services in logistics to its customers. Our main profile is services in webshoplogistics, but we also offer conventional courier activities to our partners. Our Fulfillment Center and courier service is located in the 22nd District in&#8230;<\/p>\n","protected":false},"author":4,"featured_media":0,"parent":0,"menu_order":0,"comment_status":"closed","ping_status":"closed","template":"","meta":{"_kad_post_transparent":"","_kad_post_title":"hide","_kad_post_layout":"fullwidth","_kad_post_sidebar_id":"","_kad_post_content_style":"unboxed","_kad_post_vertical_padding":"hide","_kad_post_feature":"hide","_kad_post_feature_position":"","_kad_post_header":false,"_kad_post_footer":false,"footnotes":""},"class_list":["post-3470","page","type-page","status-publish","hentry"],"yoast_head":"<!-- This site is optimized with the Yoast SEO plugin v23.6 - https:\/\/yoast.com\/wordpress\/plugins\/seo\/ -->\n<title>About us - MXP Fulfillment<\/title>\n<meta name=\"description\" content=\"Kiszervezett webshoplogisztika Budapesten, emeld \u00faj szintre a logisztik\u00e1t. Rakt\u00e1roz\u00e1s, csomagol\u00e1s, sz\u00e1ll\u00edt\u00e1s\" \/>\n<meta name=\"robots\" content=\"index, follow, max-snippet:-1, max-image-preview:large, max-video-preview:-1\" \/>\n<link rel=\"canonical\" href=\"https:\/\/mxp.hu\/en\/rolunk\/\" \/>\n<meta property=\"og:locale\" content=\"en_US\" \/>\n<meta property=\"og:type\" content=\"article\" \/>\n<meta property=\"og:title\" content=\"About us - MXP Fulfillment\" \/>\n<meta property=\"og:description\" content=\"Kiszervezett webshoplogisztika Budapesten, emeld \u00faj szintre a logisztik\u00e1t. Rakt\u00e1roz\u00e1s, csomagol\u00e1s, sz\u00e1ll\u00edt\u00e1s\" \/>\n<meta property=\"og:url\" content=\"https:\/\/mxp.hu\/rolunk\/\" \/>\n<meta property=\"og:site_name\" content=\"MXP Fulfillment\" \/>\n<meta property=\"article:modified_time\" content=\"2025-03-04T10:09:50+00:00\" \/>\n<meta property=\"og:image\" content=\"https:\/\/mxp.hu\/wp-content\/uploads\/2023\/06\/mxp_a_jo_eng.png\" \/>\n<meta name=\"twitter:card\" content=\"summary_large_image\" \/>\n<meta name=\"twitter:label1\" content=\"Est. reading time\" \/>\n\t<meta name=\"twitter:data1\" content=\"4 minutes\" \/>\n<script type=\"application\/ld+json\" class=\"yoast-schema-graph\">{\"@context\":\"https:\/\/schema.org\",\"@graph\":[{\"@type\":\"WebPage\",\"@id\":\"https:\/\/mxp.hu\/rolunk\/\",\"url\":\"https:\/\/mxp.hu\/rolunk\/\",\"name\":\"About us - MXP Fulfillment\",\"isPartOf\":{\"@id\":\"https:\/\/mxp.hu\/#website\"},\"primaryImageOfPage\":{\"@id\":\"https:\/\/mxp.hu\/rolunk\/#primaryimage\"},\"image\":{\"@id\":\"https:\/\/mxp.hu\/rolunk\/#primaryimage\"},\"thumbnailUrl\":\"https:\/\/mxp.hu\/wp-content\/uploads\/2023\/06\/mxp_a_jo_eng.png\",\"datePublished\":\"2021-09-21T00:43:47+00:00\",\"dateModified\":\"2025-03-04T10:09:50+00:00\",\"description\":\"Kiszervezett webshoplogisztika Budapesten, emeld \u00faj szintre a logisztik\u00e1t. Rakt\u00e1roz\u00e1s, csomagol\u00e1s, sz\u00e1ll\u00edt\u00e1s\",\"breadcrumb\":{\"@id\":\"https:\/\/mxp.hu\/rolunk\/#breadcrumb\"},\"inLanguage\":\"en-US\",\"potentialAction\":[{\"@type\":\"ReadAction\",\"target\":[\"https:\/\/mxp.hu\/rolunk\/\"]}]},{\"@type\":\"ImageObject\",\"inLanguage\":\"en-US\",\"@id\":\"https:\/\/mxp.hu\/rolunk\/#primaryimage\",\"url\":\"https:\/\/mxp.hu\/wp-content\/uploads\/2023\/06\/mxp_a_jo_eng.png\",\"contentUrl\":\"https:\/\/mxp.hu\/wp-content\/uploads\/2023\/06\/mxp_a_jo_eng.png\"},{\"@type\":\"BreadcrumbList\",\"@id\":\"https:\/\/mxp.hu\/rolunk\/#breadcrumb\",\"itemListElement\":[{\"@type\":\"ListItem\",\"position\":1,\"name\":\"Home\",\"item\":\"https:\/\/mxp.hu\/\"},{\"@type\":\"ListItem\",\"position\":2,\"name\":\"About us\"}]},{\"@type\":\"WebSite\",\"@id\":\"https:\/\/mxp.hu\/#website\",\"url\":\"https:\/\/mxp.hu\/\",\"name\":\"MXP Fulfillment\",\"description\":\"\",\"publisher\":{\"@id\":\"https:\/\/mxp.hu\/#organization\"},\"potentialAction\":[{\"@type\":\"SearchAction\",\"target\":{\"@type\":\"EntryPoint\",\"urlTemplate\":\"https:\/\/mxp.hu\/?s={search_term_string}\"},\"query-input\":{\"@type\":\"PropertyValueSpecification\",\"valueRequired\":true,\"valueName\":\"search_term_string\"}}],\"inLanguage\":\"en-US\"},{\"@type\":\"Organization\",\"@id\":\"https:\/\/mxp.hu\/#organization\",\"name\":\"MXP Fulfillment\",\"url\":\"https:\/\/mxp.hu\/\",\"logo\":{\"@type\":\"ImageObject\",\"inLanguage\":\"en-US\",\"@id\":\"https:\/\/mxp.hu\/#\/schema\/logo\/image\/\",\"url\":\"https:\/\/mxp.hu\/wp-content\/uploads\/2021\/07\/logo_white.png\",\"contentUrl\":\"https:\/\/mxp.hu\/wp-content\/uploads\/2021\/07\/logo_white.png\",\"width\":1000,\"height\":433,\"caption\":\"MXP Fulfillment\"},\"image\":{\"@id\":\"https:\/\/mxp.hu\/#\/schema\/logo\/image\/\"}}]}<\/script>\n<!-- \/ Yoast SEO plugin. -->","yoast_head_json":{"title":"About us - MXP Fulfillment","description":"Kiszervezett webshoplogisztika Budapesten, emeld \u00faj szintre a logisztik\u00e1t. Rakt\u00e1roz\u00e1s, csomagol\u00e1s, sz\u00e1ll\u00edt\u00e1s","robots":{"index":"index","follow":"follow","max-snippet":"max-snippet:-1","max-image-preview":"max-image-preview:large","max-video-preview":"max-video-preview:-1"},"canonical":"https:\/\/mxp.hu\/en\/rolunk\/","og_locale":"en_US","og_type":"article","og_title":"About us - MXP Fulfillment","og_description":"Kiszervezett webshoplogisztika Budapesten, emeld \u00faj szintre a logisztik\u00e1t. Rakt\u00e1roz\u00e1s, csomagol\u00e1s, sz\u00e1ll\u00edt\u00e1s","og_url":"https:\/\/mxp.hu\/rolunk\/","og_site_name":"MXP Fulfillment","article_modified_time":"2025-03-04T10:09:50+00:00","og_image":[{"url":"https:\/\/mxp.hu\/wp-content\/uploads\/2023\/06\/mxp_a_jo_eng.png"}],"twitter_card":"summary_large_image","twitter_misc":{"Est. reading time":"4 minutes"},"schema":{"@context":"https:\/\/schema.org","@graph":[{"@type":"WebPage","@id":"https:\/\/mxp.hu\/rolunk\/","url":"https:\/\/mxp.hu\/rolunk\/","name":"About us - MXP Fulfillment","isPartOf":{"@id":"https:\/\/mxp.hu\/#website"},"primaryImageOfPage":{"@id":"https:\/\/mxp.hu\/rolunk\/#primaryimage"},"image":{"@id":"https:\/\/mxp.hu\/rolunk\/#primaryimage"},"thumbnailUrl":"https:\/\/mxp.hu\/wp-content\/uploads\/2023\/06\/mxp_a_jo_eng.png","datePublished":"2021-09-21T00:43:47+00:00","dateModified":"2025-03-04T10:09:50+00:00","description":"Kiszervezett webshoplogisztika Budapesten, emeld \u00faj szintre a logisztik\u00e1t. Rakt\u00e1roz\u00e1s, csomagol\u00e1s, sz\u00e1ll\u00edt\u00e1s","breadcrumb":{"@id":"https:\/\/mxp.hu\/rolunk\/#breadcrumb"},"inLanguage":"en-US","potentialAction":[{"@type":"ReadAction","target":["https:\/\/mxp.hu\/rolunk\/"]}]},{"@type":"ImageObject","inLanguage":"en-US","@id":"https:\/\/mxp.hu\/rolunk\/#primaryimage","url":"https:\/\/mxp.hu\/wp-content\/uploads\/2023\/06\/mxp_a_jo_eng.png","contentUrl":"https:\/\/mxp.hu\/wp-content\/uploads\/2023\/06\/mxp_a_jo_eng.png"},{"@type":"BreadcrumbList","@id":"https:\/\/mxp.hu\/rolunk\/#breadcrumb","itemListElement":[{"@type":"ListItem","position":1,"name":"Home","item":"https:\/\/mxp.hu\/"},{"@type":"ListItem","position":2,"name":"About us"}]},{"@type":"WebSite","@id":"https:\/\/mxp.hu\/#website","url":"https:\/\/mxp.hu\/","name":"MXP Fulfillment","description":"","publisher":{"@id":"https:\/\/mxp.hu\/#organization"},"potentialAction":[{"@type":"SearchAction","target":{"@type":"EntryPoint","urlTemplate":"https:\/\/mxp.hu\/?s={search_term_string}"},"query-input":{"@type":"PropertyValueSpecification","valueRequired":true,"valueName":"search_term_string"}}],"inLanguage":"en-US"},{"@type":"Organization","@id":"https:\/\/mxp.hu\/#organization","name":"MXP Fulfillment","url":"https:\/\/mxp.hu\/","logo":{"@type":"ImageObject","inLanguage":"en-US","@id":"https:\/\/mxp.hu\/#\/schema\/logo\/image\/","url":"https:\/\/mxp.hu\/wp-content\/uploads\/2021\/07\/logo_white.png","contentUrl":"https:\/\/mxp.hu\/wp-content\/uploads\/2021\/07\/logo_white.png","width":1000,"height":433,"caption":"MXP Fulfillment"},"image":{"@id":"https:\/\/mxp.hu\/#\/schema\/logo\/image\/"}}]}},"_links":{"self":[{"href":"https:\/\/mxp.hu\/en\/wp-json\/wp\/v2\/pages\/3470","targetHints":{"allow":["GET"]}}],"collection":[{"href":"https:\/\/mxp.hu\/en\/wp-json\/wp\/v2\/pages"}],"about":[{"href":"https:\/\/mxp.hu\/en\/wp-json\/wp\/v2\/types\/page"}],"author":[{"embeddable":true,"href":"https:\/\/mxp.hu\/en\/wp-json\/wp\/v2\/users\/4"}],"replies":[{"embeddable":true,"href":"https:\/\/mxp.hu\/en\/wp-json\/wp\/v2\/comments?post=3470"}],"version-history":[{"count":31,"href":"https:\/\/mxp.hu\/en\/wp-json\/wp\/v2\/pages\/3470\/revisions"}],"predecessor-version":[{"id":4539,"href":"https:\/\/mxp.hu\/en\/wp-json\/wp\/v2\/pages\/3470\/revisions\/4539"}],"wp:attachment":[{"href":"https:\/\/mxp.hu\/en\/wp-json\/wp\/v2\/media?parent=3470"}],"curies":[{"name":"wp","href":"https:\/\/api.w.org\/{rel}","templated":true}]}}